{"id":563,"date":"2014-03-07T23:47:33","date_gmt":"2014-03-07T21:47:33","guid":{"rendered":"http:\/\/www.buecherei-kaifenheim.de\/?page_id=563"},"modified":"2025-11-18T19:53:11","modified_gmt":"2025-11-18T17:53:11","slug":"danke","status":"publish","type":"page","link":"https:\/\/www.buecherei-kaifenheim.de\/?page_id=563","title":{"rendered":"Danke &#8230;"},"content":{"rendered":"<p style=\"text-align: left;\">&#8230; sagen wir allen, die unsere ehrenamtliche Arbeit in der K\u00f6B Kaifenheim\u00a0unterst\u00fctzen.<\/p>\n<p style=\"text-align: center;\"><img loading=\"lazy\" decoding=\"async\" class=\"wp-image-570 aligncenter\" src=\"https:\/\/www.buecherei-kaifenheim.de\/wp-content\/uploads\/logo_bistum_trier.gif\" alt=\"Bistum Trier\" width=\"76\" height=\"68\" \/>Fachstelle f\u00fcr B\u00fcchereiarbeit des Bistum Trier<\/p>\n<p style=\"text-align: center;\">\u2026<\/p>\n<p style=\"text-align: center;\"><a href=\"http:\/\/www.pfarreiengemeinschaft-kaisersesch.de\/\" target=\"_blank\" rel=\"noopener\"><img loading=\"lazy\" decoding=\"async\" class=\"alignnone wp-image-601 size-medium\" src=\"https:\/\/www.buecherei-kaifenheim.de\/wp-content\/uploads\/PfarreienKaisersesch-300x62.jpg\" alt=\"PfarreienKaisersesch\" width=\"300\" height=\"62\" \/><\/a><\/p>\n<p style=\"text-align: center;\">\u2026<\/p>\n<p style=\"text-align: center;\"><img loading=\"lazy\" decoding=\"async\" class=\"alignnone size-full wp-image-588\" src=\"https:\/\/www.buecherei-kaifenheim.de\/wp-content\/uploads\/OG_Kaifenheim-e1394232532728.png\" alt=\"Ortsgemeinde Kaifenheim\" width=\"76\" height=\"99\" \/><br \/>\n<a title=\"Ortsgemeinde Kaifenheim\" href=\"http:\/\/www.kaifenheim.de\" target=\"_blank\" rel=\"noopener\">Ortsgemeinde Kaifenheim<\/a><\/p>\n<p style=\"text-align: center;\">\u2026<\/p>\n<p style=\"text-align: center;\"><img loading=\"lazy\" decoding=\"async\" class=\"alignnone size-full wp-image-587\" src=\"https:\/\/www.buecherei-kaifenheim.de\/wp-content\/uploads\/OG_brachtendorf-e1394232583764.jpg\" alt=\"Ortsgemeinde Brachtendorf\" width=\"76\" height=\"90\" \/><br \/>\nOrtsgemeinde Brachtendorf<\/p>\n<p style=\"text-align: center;\">\u2026<\/p>\n<p style=\"text-align: center;\"><a href=\"https:\/\/www.sparkasse-emh.de\/\" target=\"_blank\" rel=\"noopener\"><img loading=\"lazy\" decoding=\"async\" class=\"alignnone wp-image-571 size-full\" src=\"https:\/\/www.buecherei-kaifenheim.de\/wp-content\/uploads\/Logo_EMH_Rot-e1394230690772.jpg\" alt=\"SPK Mittelmosel EMH\" width=\"300\" height=\"99\" \/><\/a><br \/>\n<strong>&#8211; Regionalbereich Kaisersesch &#8211;<\/strong><\/p>\n<p style=\"text-align: center;\">\u2026<\/p>\n<p style=\"text-align: center;\"><a href=\"https:\/\/www.rb-mehr.de\" target=\"_blank\" rel=\"noopener\"><img loading=\"lazy\" decoding=\"async\" class=\"alignnone wp-image-1995 size-medium\" src=\"https:\/\/www.buecherei-kaifenheim.de\/wp-content\/uploads\/RB_LOGO-300x90.png\" alt=\"\" width=\"300\" height=\"90\" srcset=\"https:\/\/www.buecherei-kaifenheim.de\/wp-content\/uploads\/RB_LOGO-300x90.png 300w, https:\/\/www.buecherei-kaifenheim.de\/wp-content\/uploads\/RB_LOGO-1024x308.png 1024w, https:\/\/www.buecherei-kaifenheim.de\/wp-content\/uploads\/RB_LOGO-768x231.png 768w, https:\/\/www.buecherei-kaifenheim.de\/wp-content\/uploads\/RB_LOGO-624x187.png 624w, https:\/\/www.buecherei-kaifenheim.de\/wp-content\/uploads\/RB_LOGO.png 1182w\" sizes=\"auto, (max-width: 300px) 100vw, 300px\" \/><\/a><\/p>\n<p style=\"text-align: center;\">&#8230;<\/p>\n<p>&nbsp;<\/p>\n","protected":false},"excerpt":{"rendered":"<p>&#8230; sagen wir allen, die unsere ehrenamtliche Arbeit in der K\u00f6B Kaifenheim\u00a0unterst\u00fctzen. Fachstelle f\u00fcr B\u00fcchereiarbeit des Bistum Trier \u2026 \u2026 Ortsgemeinde Kaifenheim \u2026 Ortsgemeinde Brachtendorf \u2026 &#8211; Regionalbereich Kaisersesch &#8211; \u2026 &#8230; &nbsp;<\/p>\n","protected":false},"author":2,"featured_media":0,"parent":0,"menu_order":5,"comment_status":"closed","ping_status":"closed","template":"","meta":{"footnotes":""},"class_list":["post-563","page","type-page","status-publish","hentry"],"_links":{"self":[{"href":"https:\/\/www.buecherei-kaifenheim.de\/index.php?rest_route=\/wp\/v2\/pages\/563","targetHints":{"allow":["GET"]}}],"collection":[{"href":"https:\/\/www.buecherei-kaifenheim.de\/index.php?rest_route=\/wp\/v2\/pages"}],"about":[{"href":"https:\/\/www.buecherei-kaifenheim.de\/index.php?rest_route=\/wp\/v2\/types\/page"}],"author":[{"embeddable":true,"href":"https:\/\/www.buecherei-kaifenheim.de\/index.php?rest_route=\/wp\/v2\/users\/2"}],"replies":[{"embeddable":true,"href":"https:\/\/www.buecherei-kaifenheim.de\/index.php?rest_route=%2Fwp%2Fv2%2Fcomments&post=563"}],"version-history":[{"count":41,"href":"https:\/\/www.buecherei-kaifenheim.de\/index.php?rest_route=\/wp\/v2\/pages\/563\/revisions"}],"predecessor-version":[{"id":1997,"href":"https:\/\/www.buecherei-kaifenheim.de\/index.php?rest_route=\/wp\/v2\/pages\/563\/revisions\/1997"}],"wp:attachment":[{"href":"https:\/\/www.buecherei-kaifenheim.de\/index.php?rest_route=%2Fwp%2Fv2%2Fmedia&parent=563"}],"curies":[{"name":"wp","href":"https:\/\/api.w.org\/{rel}","templated":true}]}}