{"id":1318,"date":"2018-04-29T14:29:19","date_gmt":"2018-04-29T13:29:19","guid":{"rendered":"http:\/\/www.buecherei-kaifenheim.de\/?page_id=1318"},"modified":"2018-04-29T15:54:16","modified_gmt":"2018-04-29T14:54:16","slug":"datenschutzerklaerung","status":"publish","type":"page","link":"https:\/\/www.buecherei-kaifenheim.de\/?page_id=1318","title":{"rendered":"Datenschutzerkl\u00e4rung"},"content":{"rendered":"<h4><strong>Geltungsbereich<br \/>\n<\/strong><\/h4>\n<p>Diese Datenschutzerkl\u00e4rung kl\u00e4rt Nutzer \u00fcber die Art, den Umfang und Zwecke der Erhebung und Verwendung personenbezogener Daten durch den verantwortlichen Anbieter<\/p>\n<div id=\"c119326\" class=\"frame frame-default frame-type-textmedia frame-layout-0\">\n<div class=\"ce-textpic ce-center ce-above\">\n<div class=\"ce-bodytext\">\n<p>K\u00f6B St. Nikolaus\u00a0Kaifenheim<br \/>\nLeiterin:\u00a0Esther Schmitt<br \/>\nKirchweg<br \/>\n56761 Kaifenheim<br \/>\nEMail: kontakt (at) buecherei-kaifenheim.de<\/p>\n<p>auf dieser Website (im folgenden \u201cAngebot\u201d) auf. Die rechtlichen Grundlagen des Datenschutzes finden sich im Bundesdatenschutzgesetz (BDSG) und dem Telemediengesetz (TMG).<\/p>\n<p>&nbsp;<\/p>\n<h4 class=\"headCrossheader3\"><strong>Zugriffsdaten\/ Server-Logfiles<\/strong><\/h4>\n<p class=\"headCrossheader3\">Der Anbieter (beziehungsweise sein Webspace-Provider) erhebt Daten \u00fcber jeden Zugriff auf das Angebot (so genannte Serverlogfiles). Zu den Zugriffsdaten geh\u00f6ren:<\/p>\n<p>Name der abgerufenen Webseite, Datei, Datum und Uhrzeit des Abrufs, \u00fcbertragene Datenmenge, Meldung \u00fcber erfolgreichen Abruf, Browsertyp nebst Version, das Betriebssystem des Nutzers, Referrer URL (die zuvor besuchte Seite), IP-Adresse und der anfragende Provider.<br \/>\nDer Anbieter verwendet die Protokolldaten nur f\u00fcr statistische Auswertungen zum Zweck des Betriebs, der Sicherheit und der Optimierung des Angebotes. Der Anbieter beh\u00e4lt sich jedoch vor, die Protokolldaten nachtr\u00e4glich zu \u00fcberpr\u00fcfen, wenn aufgrund konkreter Anhaltspunkte der berechtigte Verdacht einer rechtswidrigen Nutzung besteht.<\/p>\n<p>&nbsp;<\/p>\n<h4 class=\"headCrossheader3\"><strong>Umgang mit personenbezogenen Daten<\/strong><\/h4>\n<p class=\"headCrossheader3\">Personenbezogene Daten sind Informationen, mit deren Hilfe eine Person bestimmbar ist, also Angaben, die zur\u00fcck zu einer Person verfolgt werden k\u00f6nnen. Dazu geh\u00f6ren der Name, die Emailadresse oder die Telefonnummer. Aber auch Daten \u00fcber Vorlieben, Hobbies, Mitgliedschaften oder welche Webseiten von jemandem angesehen wurden z\u00e4hlen zu personenbezogenen Daten.<br \/>\nPersonenbezogene Daten werden von dem Anbieter nur dann erhoben, genutzt und weiter gegeben, wenn dies gesetzlich erlaubt ist oder die Nutzer in die Datenerhebung einwilligen.<\/p>\n<p>&nbsp;<\/p>\n<h4 class=\"headCrossheader3\"><strong>Kontaktaufnahme<\/strong><\/h4>\n<p class=\"headCrossheader3\">Bei der Kontaktaufnahme mit dem Anbieter (zum Beispiel per Kontaktformular oder E-Mail) werden die Angaben des Nutzers zwecks Bearbeitung der Anfrage sowie f\u00fcr den Fall, dass im Anschluss Fragen entstehen, gespeichert.<\/p>\n<p>&nbsp;<\/p>\n<h4 class=\"headCrossheader3\"><strong>Newsletter<\/strong><\/h4>\n<p class=\"headCrossheader3\">Bieten wir nicht an.<strong><br \/>\n<\/strong><\/p>\n<p>&nbsp;<\/p>\n<h4 class=\"headCrossheader3\"><strong>Einbindung von Diensten und Inhalten Dritter<\/strong><\/h4>\n<p class=\"headCrossheader3\">Findet bei uns nicht statt.<strong><br \/>\n<\/strong><\/p>\n<p>&nbsp;<\/p>\n<h4 class=\"headCrossheader3\"><strong>Cookies<\/strong><\/h4>\n<p class=\"headCrossheader3\">Verwenden wir nicht.<strong><br \/>\n<\/strong><\/p>\n<p>&nbsp;<\/p>\n<h4 class=\"headCrossheader3\"><strong>Verwendung von Google Analytics,\u00a0<\/strong><strong>Facebook Social Plugins , <\/strong><strong>+1 Schaltfl\u00e4che von Google+, und T<\/strong><strong>witter<\/strong><\/h4>\n<p class=\"headCrossheader3\">Verwenden wir nicht.<strong><br \/>\n<\/strong><\/p>\n<p>&nbsp;<\/p>\n<h4 class=\"headCrossheader3\"><strong>Widerruf, \u00c4nderungen, Berichtigungen und Aktualisierungen<\/strong><\/h4>\n<p class=\"headCrossheader3\">Der Nutzer hat das Recht, auf Antrag unentgeltlich Auskunft zu erhalten \u00fcber die personenbezogenen Daten, die \u00fcber ihn gespeichert wurden. Zus\u00e4tzlich hat der Nutzer das Recht auf Berichtigung unrichtiger Daten, Sperrung und L\u00f6schung seiner personenbezogenen Daten, soweit dem keine gesetzliche Aufbewahrungspflicht entgegensteht.<\/p>\n<p>&nbsp;<\/p>\n<p><a class=\"external-link-new-window\" title=\"\u00d6ffnet externen Link in neuem Fenster\" href=\"http:\/\/rechtsanwalt-schwenke.de\/smmr-buch\/datenschutz-muster-generator-fuer-webseiten-blogs-und-social-media\/\" target=\"_blank\" rel=\"noopener\">Datenschutz-Muster (vom Websiteinhaber angepasst) von Rechtsanwalt Thomas Schwenke &#8211; I LAW it<\/a><\/p>\n<\/div>\n<\/div>\n<\/div>\n","protected":false},"excerpt":{"rendered":"<p>Geltungsbereich Diese Datenschutzerkl\u00e4rung kl\u00e4rt Nutzer \u00fcber die Art, den Umfang und Zwecke der Erhebung und Verwendung personenbezogener Daten durch den verantwortlichen Anbieter K\u00f6B St. Nikolaus\u00a0Kaifenheim Leiterin:\u00a0Esther Schmitt Kirchweg 56761 Kaifenheim EMail: kontakt (at) buecherei-kaifenheim.de auf dieser Website (im folgenden \u201cAngebot\u201d) auf. Die rechtlichen Grundlagen des Datenschutzes finden sich im Bundesdatenschutzgesetz (BDSG) und dem Telemediengesetz (TMG). [&hellip;]<\/p>\n","protected":false},"author":3,"featured_media":0,"parent":90,"menu_order":2,"comment_status":"closed","ping_status":"closed","template":"","meta":{"footnotes":""},"class_list":["post-1318","page","type-page","status-publish","hentry"],"_links":{"self":[{"href":"https:\/\/www.buecherei-kaifenheim.de\/index.php?rest_route=\/wp\/v2\/pages\/1318","targetHints":{"allow":["GET"]}}],"collection":[{"href":"https:\/\/www.buecherei-kaifenheim.de\/index.php?rest_route=\/wp\/v2\/pages"}],"about":[{"href":"https:\/\/www.buecherei-kaifenheim.de\/index.php?rest_route=\/wp\/v2\/types\/page"}],"author":[{"embeddable":true,"href":"https:\/\/www.buecherei-kaifenheim.de\/index.php?rest_route=\/wp\/v2\/users\/3"}],"replies":[{"embeddable":true,"href":"https:\/\/www.buecherei-kaifenheim.de\/index.php?rest_route=%2Fwp%2Fv2%2Fcomments&post=1318"}],"version-history":[{"count":7,"href":"https:\/\/www.buecherei-kaifenheim.de\/index.php?rest_route=\/wp\/v2\/pages\/1318\/revisions"}],"predecessor-version":[{"id":1342,"href":"https:\/\/www.buecherei-kaifenheim.de\/index.php?rest_route=\/wp\/v2\/pages\/1318\/revisions\/1342"}],"up":[{"embeddable":true,"href":"https:\/\/www.buecherei-kaifenheim.de\/index.php?rest_route=\/wp\/v2\/pages\/90"}],"wp:attachment":[{"href":"https:\/\/www.buecherei-kaifenheim.de\/index.php?rest_route=%2Fwp%2Fv2%2Fmedia&parent=1318"}],"curies":[{"name":"wp","href":"https:\/\/api.w.org\/{rel}","templated":true}]}}