{"id":1316,"date":"2018-04-29T14:29:00","date_gmt":"2018-04-29T13:29:00","guid":{"rendered":"http:\/\/www.buecherei-kaifenheim.de\/?page_id=1316"},"modified":"2018-04-29T15:54:01","modified_gmt":"2018-04-29T14:54:01","slug":"impressum","status":"publish","type":"page","link":"https:\/\/www.buecherei-kaifenheim.de\/?page_id=1316","title":{"rendered":"Impressum \/ Disclaimer"},"content":{"rendered":"<p><strong>Anbieter:<\/strong><br \/>\nAnbieter dieser Internetpr\u00e4senz ist im Rechtssinne die<br \/>\nK\u00f6B St. Nikolaus\u00a0Kaifenheim<br \/>\nLeiterin:\u00a0Esther Schmitt<br \/>\nKirchweg<br \/>\n56761 Kaifenheim<br \/>\nEMail: kontakt (at) buecherei-kaifenheim.de<a class=\"mail\" title=\"Email schreiben\"><br \/>\n<\/a><strong><br \/>\nRedaktionsverantwortlich:<\/strong><br \/>\nRedaktionsverantwortlich f\u00fcr die Internetpr\u00e4senz ist die K\u00f6B St. Nikolaus\u00a0Kaifenheim<\/p>\n<p><strong>Haftung f\u00fcr Inhalte:<br \/>\n<\/strong> Die K\u00f6B St. Nikolaus\u00a0Kaifenheim ist um Richtigkeit und Aktualit\u00e4t der auf dieser Internetpr\u00e4senz bereitgestellten Informationen bem\u00fcht. Trotzdem k\u00f6nnen Fehler und Unklarheiten nicht vollst\u00e4ndig ausgeschlossen werden. Die K\u00f6B St. Nikolaus\u00a0Kaifenheim \u00fcbernimmt deshalb keine Gew\u00e4hr f\u00fcr die Aktualit\u00e4t, Richtigkeit, Vollst\u00e4ndigkeit oder Qualit\u00e4t der bereitgestellten Informationen. F\u00fcr Sch\u00e4den materieller oder immaterieller Art, die durch die Nutzung oder Nichtnutzung der dargebotenen Informationen bzw. durch die Nutzung fehlerhafter und unvollst\u00e4ndiger Informationen unmittelbar oder mittelbar verursacht werden, haftet die K\u00f6B St. Nikolaus\u00a0Kaifenheim\u00a0nicht, sofern ihr nicht nachweislich vors\u00e4tzliches oder grob fahrl\u00e4ssiges Verschulden zur Last f\u00e4llt. Gleiches gilt f\u00fcr kostenlos zum Download bereitgehaltene Software. Die K\u00f6B St. Nikolaus\u00a0Kaifenheim beh\u00e4lt es sich vor, Teile des Internetangebots oder das gesamte Angebot ohne gesonderte Ank\u00fcndigung zu ver\u00e4ndern, zu erg\u00e4nzen, zu l\u00f6schen oder die Ver\u00f6ffentlichung zeitweise oder endg\u00fcltig einzustellen.<br \/>\nDie Verantwortlichkeit f\u00fcr &#8222;fremde Inhalte&#8220;, die beispielsweise durch direkte oder indirekte Verkn\u00fcpfungen (zum Beispiel sogenannte &#8222;Links&#8220;) zu anderen Anbietern bereitgehalten werden, setzt unter anderem positive Kenntnis des rechtswidrigen beziehungsweise strafbaren Inhaltes voraus. &#8222;Fremde Inhalte&#8220; sind in geeigneter Weise gekennzeichnet. Die K\u00f6B St. Nikolaus\u00a0Kaifenheim hat auf &#8222;fremde Inhalte&#8220; keinerlei Einfluss und macht sich diese Inhalte auch nicht zu Eigen. Die K\u00f6B St. Nikolaus\u00a0Kaifenheim hat keine positive Kenntnis \u00fcber rechtswidrige oder anst\u00f6\u00dfige Inhalte auf den verkn\u00fcpften Seiten fremder Anbieter. Sollten auf den verkn\u00fcpften Seiten fremder Anbieter dennoch rechtswidrige oder anst\u00f6\u00dfige Inhalte enthalten sein, so distanziert sich die K\u00f6B St. Nikolaus\u00a0Kaifenheim von diesen Inhalten ausdr\u00fccklich.<\/p>\n<p><strong>Online-Schlichtungsverfahren<br \/>\n<\/strong>Die EU-Kommission stellt eine Online-Plattform mit der M\u00f6glichkeit zur Online-Streitbeilegung bereit. Diese Plattform ist \u00fcber den externen Link <a class=\"external-link-new-window\" title=\"\u00d6ffnet externen Link im neuen Fenster\" href=\"http:\/\/ec.europa.eu\/consumers\/odr\/\" target=\"_blank\" rel=\"noopener\">http:\/\/ec.europa.eu\/consumers\/odr\/<\/a> zu erreichen.\u00a0 Zu einer Teilnahme an diesem Online-Schlichtungsverfahren sind wir jedoch weder bereit noch verpflichtet.<\/p>\n","protected":false},"excerpt":{"rendered":"<p>Anbieter: Anbieter dieser Internetpr\u00e4senz ist im Rechtssinne die K\u00f6B St. Nikolaus\u00a0Kaifenheim Leiterin:\u00a0Esther Schmitt Kirchweg 56761 Kaifenheim EMail: kontakt (at) buecherei-kaifenheim.de Redaktionsverantwortlich: Redaktionsverantwortlich f\u00fcr die Internetpr\u00e4senz ist die K\u00f6B St. Nikolaus\u00a0Kaifenheim Haftung f\u00fcr Inhalte: Die K\u00f6B St. Nikolaus\u00a0Kaifenheim ist um Richtigkeit und Aktualit\u00e4t der auf dieser Internetpr\u00e4senz bereitgestellten Informationen bem\u00fcht. Trotzdem k\u00f6nnen Fehler und Unklarheiten nicht [&hellip;]<\/p>\n","protected":false},"author":3,"featured_media":0,"parent":90,"menu_order":1,"comment_status":"closed","ping_status":"closed","template":"","meta":{"footnotes":""},"class_list":["post-1316","page","type-page","status-publish","hentry"],"_links":{"self":[{"href":"https:\/\/www.buecherei-kaifenheim.de\/index.php?rest_route=\/wp\/v2\/pages\/1316","targetHints":{"allow":["GET"]}}],"collection":[{"href":"https:\/\/www.buecherei-kaifenheim.de\/index.php?rest_route=\/wp\/v2\/pages"}],"about":[{"href":"https:\/\/www.buecherei-kaifenheim.de\/index.php?rest_route=\/wp\/v2\/types\/page"}],"author":[{"embeddable":true,"href":"https:\/\/www.buecherei-kaifenheim.de\/index.php?rest_route=\/wp\/v2\/users\/3"}],"replies":[{"embeddable":true,"href":"https:\/\/www.buecherei-kaifenheim.de\/index.php?rest_route=%2Fwp%2Fv2%2Fcomments&post=1316"}],"version-history":[{"count":10,"href":"https:\/\/www.buecherei-kaifenheim.de\/index.php?rest_route=\/wp\/v2\/pages\/1316\/revisions"}],"predecessor-version":[{"id":1341,"href":"https:\/\/www.buecherei-kaifenheim.de\/index.php?rest_route=\/wp\/v2\/pages\/1316\/revisions\/1341"}],"up":[{"embeddable":true,"href":"https:\/\/www.buecherei-kaifenheim.de\/index.php?rest_route=\/wp\/v2\/pages\/90"}],"wp:attachment":[{"href":"https:\/\/www.buecherei-kaifenheim.de\/index.php?rest_route=%2Fwp%2Fv2%2Fmedia&parent=1316"}],"curies":[{"name":"wp","href":"https:\/\/api.w.org\/{rel}","templated":true}]}}